{"id":13079,"date":"2018-10-26T11:31:08","date_gmt":"2018-10-26T15:31:08","guid":{"rendered":"https:\/\/adaptech.org\/fr\/?page_id=13079"},"modified":"2022-04-05T14:35:08","modified_gmt":"2022-04-05T18:35:08","slug":"telechargement","status":"publish","type":"page","link":"https:\/\/adaptech.org\/fr\/telechargement\/","title":{"rendered":"T\u00e9l\u00e9chargement"},"content":{"rendered":"<p>Le R\u00e9seau de Recherche Adaptech a d\u00e9velopp\u00e9, pendant des ann\u00e9es, plusieurs outils et ressources qui pourraient \u00eatre utiles pour les membres de la communaut\u00e9, incluant une large base de donn\u00e9es de technologies informatiques adapt\u00e9es \u00ab gratuites ou peu co\u00fbteuses \u00bb et un ensemble de\u00a0<a href=\"http:\/\/adaptech.dawsoncollege.qc.ca\/fr\/telechargement\/fandivideos\">vid\u00e9os<\/a>\u00a0de d\u00e9monstrations pr\u00e9sentant les capacit\u00e9s de certaines de ces technologies.<\/p>\n<h2>Base de donn\u00e9es de technologies gratuites ou peu co\u00fbteuses:<\/h2>\n<ul>\n<li>Logiciels informatiques:\n<ul>\n<li><a href=\"\/fr\/fandi\/produits\/system-operateur\/windows\/?v=categories\">Windows<\/a><\/li>\n<li><a href=\"\/fr\/fandi\/produits\/system-operateur\/mac-os\/?v=categories\">Mac OS<\/a><\/li>\n<\/ul>\n<\/li>\n<li>Applications mobiles:\n<ul>\n<li><a href=\"\/fr\/fandi\/produits\/system-operateur\/windows-10\/?v=categories\">Apps Windows 10<\/a><\/li>\n<li><a href=\"\/fr\/fandi\/produits\/system-operateur\/ios\/?v=categories\">Apps Apple<\/a><\/li>\n<li><a href=\"\/fr\/fandi\/produits\/system-operateur\/android\/?v=categories\">Apps Android<\/a><\/li>\n<\/ul>\n<\/li>\n<li>Extension de navigateur\n<ul>\n<li><a href=\"\/fr\/fandi\/produits\/system-operateur\/chrome\/?v=categories\">Google Chrome<\/a><\/li>\n<li><a href=\"\/fr\/system-operateur\/firefox\/?v=categories\">Mozilla Firefox<\/a><\/li>\n<li><a href=\"\/fr\/system-operateur\/edge\/?v=categories\">Microsoft Edge<\/a><\/li>\n<li><a href=\"\/fr\/system-operateur\/safari\/?v=categories\">Safari<\/a><\/li>\n<\/ul>\n<\/li>\n<\/ul>\n<h2>Options d\u2019accessibilit\u00e9 int\u00e9gr\u00e9es:<\/h2>\n<ul>\n<li>Windows:\n<ul>\n<li><a href=\"\/fr\/fandi\/accessibilite-integrees\/system-operateur\/windows-7\">Windows 7<\/a><\/li>\n<li><a href=\"\/fr\/fandi\/accessibilite-integrees\/system-operateur\/windows-8-1\">Windows 8.1<\/a><\/li>\n<li><a href=\"\/fr\/fandi\/accessibilite-integrees\/system-operateur\/windows-10\">Windows 10<\/a><\/li>\n<\/ul>\n<\/li>\n<li>Mac:\n<ul>\n<li><a href=\"\/fr\/fandi\/accessibilite-integrees\/system-operateur\/mac-os-x\">Mac OS X<\/a><\/li>\n<\/ul>\n<\/li>\n<li>iOS:\n<ul>\n<li><a href=\"\/fr\/fandi\/accessibilite-integrees\/system-operateur\/ipod-touch-4th-gen\">iPod Touch (4e G\u00e9n)<\/a><\/li>\n<li><a href=\"\/fr\/fandi\/accessibilite-integrees\/system-operateur\/iphone\">iPhone<\/a><\/li>\n<li><a href=\"\/fr\/fandi\/accessibilite-integrees\/system-operateur\/ipad\">iPad<\/a><\/li>\n<\/ul>\n<\/li>\n<li>Android:\n<ul>\n<li><a href=\"\/fr\/fandi\/accessibilite-integrees\/system-operateur\/android-5-1-1-lollipop-samsung-galaxy-note-4\">Android 5.1.1 (Lollipop) &#8211; Samsung Galaxy Note 4<\/a><\/li>\n<li><a href=\"\/fr\/fandi\/accessibilite-integrees\/system-operateur\/android-5-1-1-lollipop-google-nexus-7\">Android 5.1.1 (Lollipop) &#8211; Google Nexus 7<\/a><\/li>\n<li><a href=\"\/fr\/fandi\/accessibilite-integrees\/system-operateur\/android-5-1-1-lollipop-motorola-moto-g\">Android 5.1.1 (Lollipop) &#8211; Motorola Moto G<\/a><\/li>\n<li><a href=\"\/fr\/fandi\/accessibilite-integrees\/system-operateur\/android-6-0-marshmallow-lg\">Android 6.0 (Marshmallow) &#8211; LG<\/a><\/li>\n<li><a href=\"\/fr\/fandi\/accessibilite-integrees\/system-operateur\/android-4-2-1-jelly-bean-asus-memo-pad-smart\">Android 4.2.1 (Jelly Bean) &#8211; ASUS Memo Pad Smart<\/a><\/li>\n<li><a href=\"http:\/\/adaptech.org\/fr\/fandi\/accessibilite-integrees\/system-operateur\/android-9-pie-samsung-galaxy-a8\/\">Android 9 (Pie) \u2013 Samsung Galaxy A8<\/a><\/li>\n<\/ul>\n<\/li>\n<\/ul>\n","protected":false},"excerpt":{"rendered":"<p>Le R\u00e9seau de Recherche Adaptech a d\u00e9velopp\u00e9, pendant des ann\u00e9es, plusieurs outils et ressources qui pourraient \u00eatre utiles pour les membres de la communaut\u00e9, incluant une large base de donn\u00e9es de technologies informatiques adapt\u00e9es \u00ab gratuites ou peu co\u00fbteuses \u00bb et un ensemble de\u00a0vid\u00e9os\u00a0de d\u00e9monstrations pr\u00e9sentant les capacit\u00e9s de certaines de ces technologies. Base de [&hellip;]<\/p>\n","protected":false},"author":1,"featured_media":0,"parent":0,"menu_order":0,"comment_status":"closed","ping_status":"closed","template":"","meta":{"_relevanssi_hide_post":"","_relevanssi_hide_content":"","_relevanssi_pin_for_all":"","_relevanssi_pin_keywords":"","_relevanssi_unpin_keywords":"","_relevanssi_related_keywords":"","_relevanssi_related_include_ids":"","_relevanssi_related_exclude_ids":"","_relevanssi_related_no_append":"","_relevanssi_related_not_related":"","_relevanssi_related_posts":"","_relevanssi_noindex_reason":"","footnotes":""},"class_list":["post-13079","page","type-page","status-publish","hentry"],"_links":{"self":[{"href":"https:\/\/adaptech.org\/fr\/wp-json\/wp\/v2\/pages\/13079","targetHints":{"allow":["GET"]}}],"collection":[{"href":"https:\/\/adaptech.org\/fr\/wp-json\/wp\/v2\/pages"}],"about":[{"href":"https:\/\/adaptech.org\/fr\/wp-json\/wp\/v2\/types\/page"}],"author":[{"embeddable":true,"href":"https:\/\/adaptech.org\/fr\/wp-json\/wp\/v2\/users\/1"}],"replies":[{"embeddable":true,"href":"https:\/\/adaptech.org\/fr\/wp-json\/wp\/v2\/comments?post=13079"}],"version-history":[{"count":14,"href":"https:\/\/adaptech.org\/fr\/wp-json\/wp\/v2\/pages\/13079\/revisions"}],"predecessor-version":[{"id":13853,"href":"https:\/\/adaptech.org\/fr\/wp-json\/wp\/v2\/pages\/13079\/revisions\/13853"}],"wp:attachment":[{"href":"https:\/\/adaptech.org\/fr\/wp-json\/wp\/v2\/media?parent=13079"}],"curies":[{"name":"wp","href":"https:\/\/api.w.org\/{rel}","templated":true}]}}